{"id":2899,"date":"2023-12-06T18:21:36","date_gmt":"2023-12-06T17:21:36","guid":{"rendered":"https:\/\/campingbeach.at\/imprint\/"},"modified":"2024-08-08T10:46:19","modified_gmt":"2024-08-08T08:46:19","slug":"imprint","status":"publish","type":"page","link":"https:\/\/campingbeach.at\/en\/imprint\/","title":{"rendered":"Imprint"},"content":{"rendered":"\t\t<div data-elementor-type=\"wp-page\" data-elementor-id=\"2899\" class=\"elementor elementor-2899 elementor-1256\" data-elementor-post-type=\"page\">\n\t\t\t\t<div class=\"elementor-element elementor-element-e7439d8 e-flex e-con-boxed e-con e-parent\" data-id=\"e7439d8\" data-element_type=\"container\" data-settings=\"{&quot;jet_parallax_layout_list&quot;:[]}\">\n\t\t\t\t\t<div class=\"e-con-inner\">\n\t\t\t\t<div class=\"elementor-element elementor-element-5df8260 elementor-widget-divider--view-line elementor-widget elementor-widget-divider\" data-id=\"5df8260\" data-element_type=\"widget\" data-widget_type=\"divider.default\">\n\t\t\t\t<div class=\"elementor-widget-container\">\n\t\t\t\t\t\t\t<div class=\"elementor-divider\">\n\t\t\t<span class=\"elementor-divider-separator\">\n\t\t\t\t\t\t<\/span>\n\t\t<\/div>\n\t\t\t\t\t\t<\/div>\n\t\t\t\t<\/div>\n\t\t\t\t\t<\/div>\n\t\t\t\t<\/div>\n\t\t<div class=\"elementor-element elementor-element-c63b29d e-flex e-con-boxed e-con e-parent\" data-id=\"c63b29d\" data-element_type=\"container\" data-settings=\"{&quot;jet_parallax_layout_list&quot;:[]}\">\n\t\t\t\t\t<div class=\"e-con-inner\">\n\t\t<div class=\"elementor-element elementor-element-a3969db e-flex e-con-boxed e-con e-child\" data-id=\"a3969db\" data-element_type=\"container\" data-settings=\"{&quot;jet_parallax_layout_list&quot;:[]}\">\n\t\t\t\t\t<div class=\"e-con-inner\">\n\t\t<div class=\"elementor-element elementor-element-542c3db e-flex e-con-boxed e-con e-child\" data-id=\"542c3db\" data-element_type=\"container\" data-settings=\"{&quot;jet_parallax_layout_list&quot;:[]}\">\n\t\t\t\t\t<div class=\"e-con-inner\">\n\t\t\t\t<div class=\"elementor-element elementor-element-517ad76 elementor-widget elementor-widget-text-editor\" data-id=\"517ad76\" data-element_type=\"widget\" data-widget_type=\"text-editor.default\">\n\t\t\t\t<div class=\"elementor-widget-container\">\n\t\t\t\t\t\t\t\t\t<div class=\"vcard\"><h3 class=\"fn org\">Campingbad Ossiacher See GmbH<\/h3><p><span class=\"adr\"> <span class=\"street-address\">Seeuferstr 109<\/span><br><span class=\"postal-code\">9520<\/span> <span class=\"locality\">Annenheim<\/span> <\/span><br><span class=\"tel\"><span class=\"type\">Telefon<\/span> 004342482757<\/span><\/p><p><span style=\"color: #6b8b6a;\"><a class=\"mod_mail contact_email\" style=\"color: #6b8b6a;\" href=\"mailto:office@campingbeach.at\">office@campingbeach.at<\/a><\/span><\/p><\/div><h4>Vollst\u00e4ndiger Firmenname<\/h4><p>Camp\u00ading\u00adbad Ossi\u00adach\u00ader See GmbH<\/p><h4>Ort der Gewerbeberechtigung<\/h4><p>Seeufer\u00adstrasse 109<br>9520 Annen\u00adheim<br>\u00d6ster\u00adre\u00adich<\/p><h4>UID-Nummer<\/h4><p>ATU 26857309<\/p><h4>Rechtsform<\/h4><p>GmbH<\/p><h4>Firmenbuchnummer<\/h4><p>Fn115939z<\/p><h4>Firmenbuchgericht<\/h4><p>LG Kla\u00adgen\u00adfurt<\/p><h4>Gesch\u00e4ftsf\u00fchrung\/Juristische Person<\/h4><p>Philipp Schus\u00adter<\/p><h4>Zus\u00e4tzliche Informationspflicht &amp; Bildnachweis<\/h4><p>#73899830 \u00a9 Alexan\u00addr Vasi\u00adlyev<br>#62645164 \u00a9 ARochau<br>#73406214 \u00a9 Pic\u00adture-Design<br>https:\/\/touren.kaernten.at<br>Region-Vil\u00adlach-Touris\u00admus-GmbH<br>Mar\u00adtin Hof\u00admann<\/p><h4>Unternehmensgegenstand<\/h4><p>Frem\u00adden\u00adverkehrs\u00adbe\u00adtrieb<\/p><h4>Kammer\/Berufsverband-Zugeh\u00f6rigkeit(en)<\/h4><p>WKO K\u00e4rn\u00adten<\/p><h4>Aufsichtsbeh\u00f6rde<\/h4><p>BH Vil\u00adlach<\/p><h4>Gewerbeordnung<\/h4><p>Anwend\u00adbare gewerbe- oder beruf\u00ads\u00adrechtliche Vorschriften: Gewer\u00adbe\u00adord\u00adnung 1994, abruf\u00adbar unter <span style=\"color: #6b8b6a;\"><a style=\"color: #6b8b6a;\" href=\"http:\/\/www.ris.bka.gv.at\" target=\"_blank\" rel=\"noopener\">http:\/\/www.ris.bka.gv.at<\/a><\/span><\/p><h3>&nbsp;<\/h3><h3>Haftungsausschluss<\/h3><p><b> Stan\u00addard Haf\u00adtungsauss\u00adchlu\u00df:<br><\/b><\/p><p>1. Inhalt des Onlin\u00adeange\u00adbotes<br>Der Autor \u00fcbern\u00adimmt kein\u00ader\u00adlei Gew\u00e4hr f\u00fcr die Aktu\u00adal\u00adit\u00e4t, Kor\u00adrek\u00adtheit, Voll\u00adst\u00e4ndigkeit oder Qual\u00adit\u00e4t der bere\u00adit\u00adgestell\u00adten Infor\u00adma\u00adtio\u00adnen. Haf\u00adtungsanspr\u00fcche gegen den Autor, welche sich auf Sch\u00e4\u00adden materieller oder ideeller Art beziehen, die durch die Nutzung oder Nicht\u00adnutzung der darge\u00adbote\u00adnen Infor\u00adma\u00adtio\u00adnen bzw. durch die Nutzung fehler\u00adhafter und unvoll\u00adst\u00e4ndi\u00adger Infor\u00adma\u00adtio\u00adnen verur\u00adsacht wur\u00adden, sind grund\u00ads\u00e4t\u00adzlich aus\u00adgeschlossen, sofern seit\u00adens des Autors kein nach\u00adweis\u00adlich vors\u00e4t\u00adzlich\u00ades oder grob fahrl\u00e4s\u00adsiges Ver\u00adschulden vor\u00adliegt. Alle Ange\u00adbote sind freibleibend und unverbindlich. Der Autor beh\u00e4lt es sich aus\u00addr\u00fcck\u00adlich vor, Teile der Seit\u00aden oder das gesamte Ange\u00adbot ohne geson\u00adderte Ank\u00fcndi\u00adgung zu ver\u00e4n\u00addern, zu erg\u00e4nzen, zu l\u00f6schen oder die Ver\u00f6f\u00adfentlichung zeitweise oder endg\u00fcltig einzustellen.<\/p><p><b>&nbsp;<\/b><\/p><p>2. Ver\u00adweise und Links<br>Bei direk\u00adten oder indi\u00adrek\u00adten Ver\u00adweisen auf fremde Inter\u00adnet\u00adseit\u00aden (Links), die au\u00dfer\u00adhalb des Ver\u00adant\u00adwor\u00adtungs\u00adbere\u00adich\u00ades des Autors liegen, w\u00fcrde eine Haf\u00adtungsverpflich\u00adtung auss\u00adchlie\u00dflich in dem Fall in Kraft treten, in dem der Autor von den Inhal\u00adten Ken\u00adnt\u00adnis hat und es ihm tech\u00adnisch m\u00f6glich und zumut\u00adbar w\u00e4re, die Nutzung im Falle rechtswidriger Inhalte zu ver\u00adhin\u00addern. Der Autor erk\u00adl\u00e4rt hier\u00admit aus\u00addr\u00fcck\u00adlich, dass zum Zeit\u00adpunkt der Linkset\u00adzung keine ille\u00adgalen Inhalte auf den zu ver\u00adlink\u00adenden Seit\u00aden erkennbar waren. Auf die aktuelle und zuk\u00fcn\u00adftige Gestal\u00adtung, die Inhalte oder die Urhe\u00adber\u00adschaft der gelinkten\/verkn\u00fcpften Seit\u00aden hat der Autor kein\u00ader\u00adlei Ein\u00adfluss. Deshalb dis\u00adtanziert er sich hier\u00admit aus\u00addr\u00fcck\u00adlich von allen Inhal\u00adten aller gelinkten\/verkn\u00fcpften Seit\u00aden, die nach der Linkset\u00adzung ver\u00e4n\u00addert wur\u00adden. Diese Fest\u00adstel\u00adlung gilt f\u00fcr alle inner\u00adhalb des eige\u00adnen Inter\u00adne\u00adtange\u00adbotes geset\u00adzten Links und Ver\u00adweise sowie f\u00fcr Fremdein\u00adtr\u00e4ge in vom Autor ein\u00adgerichteten G\u00e4ste\u00adb\u00fcch\u00adern, Diskus\u00adsions\u00adforen und Mail\u00adinglis\u00adten. F\u00fcr ille\u00adgale, fehler\u00adhafte oder unvoll\u00adst\u00e4ndi\u00adge Inhalte und ins\u00adbeson\u00addere f\u00fcr Sch\u00e4\u00adden, die aus der Nutzung oder Nicht\u00adnutzung solcher\u00adart darge\u00adboten\u00ader Infor\u00adma\u00adtio\u00adnen entste\u00adhen, haftet allein der Anbi\u00adeter der Seite, auf welche ver\u00adwiesen wurde, nicht der\u00adjenige, der \u00fcber Links auf die jew\u00adeilige Ver\u00f6f\u00adfentlichung lediglich ver\u00adweist.<\/p><p><b>&nbsp;<\/b><\/p><p>3. Urhe\u00adber- und Kennze\u00adichen\u00adrecht<br>Der Autor ist bestrebt, in allen Pub\u00adlika\u00adtio\u00adnen die Urhe\u00adber\u00adrechte der ver\u00adwen\u00adde\u00adten Grafiken, Ton\u00addoku\u00admente, Videose\u00adquen\u00adzen und Texte zu beacht\u00aden, von ihm selb\u00adst erstellte Grafiken, Ton\u00addoku\u00admente, Videose\u00adquen\u00adzen und Texte zu nutzen oder auf lizen\u00adzfreie Grafiken, Ton\u00addoku\u00admente, Videose\u00adquen\u00adzen und Texte zur\u00fcck\u00adzu\u00adgreifen. Alle inner\u00adhalb des Inter\u00adne\u00adtange\u00adbotes genan\u00adnten und ggf. durch Dritte gesch\u00fctzten Marken- und Waren\u00adze\u00adichen unter\u00adliegen uneingeschr\u00e4nkt den Bes\u00adtim\u00admungen des jew\u00adeils g\u00fclti\u00adgen Kennze\u00adichen\u00adrechts und den Besitzrecht\u00aden der jew\u00adeili\u00adgen einge\u00adtra\u00adge\u00adnen Eigen\u00adt\u00fcmer. Allein auf\u00adgrund der blo\u00dfen Nen\u00adnung ist nicht der Schluss zu ziehen, dass Marken\u00adze\u00adichen nicht durch Rechte Drit\u00adter gesch\u00fctzt sind! Das Copy\u00adright f\u00fcr ver\u00f6f\u00adfentlichte, vom Autor selb\u00adst erstellte Objek\u00adte bleibt allein beim Autor der Seit\u00aden. Eine Vervielf\u00e4l\u00adti\u00adgung oder Ver\u00adwen\u00addung solch\u00ader Grafiken, Ton\u00addoku\u00admente, Videose\u00adquen\u00adzen und Texte in anderen elek\u00adtro\u00adn\u00adis\u00adchen oder gedruck\u00adten Pub\u00adlika\u00adtio\u00adnen ist ohne aus\u00addr\u00fcck\u00adliche Zus\u00adtim\u00admung des Autors nicht ges\u00adtat\u00adtet.<\/p>\t\t\t\t\t\t\t\t<\/div>\n\t\t\t\t<\/div>\n\t\t\t\t\t<\/div>\n\t\t\t\t<\/div>\n\t\t\t\t\t<\/div>\n\t\t\t\t<\/div>\n\t\t\t\t\t<\/div>\n\t\t\t\t<\/div>\n\t\t\t\t<\/div>\n\t\t","protected":false},"excerpt":{"rendered":"<p>Camp\u00ading\u00adbad Ossi\u00adach\u00ader See GmbH Seeufer\u00adstr 1099520 Annen\u00adheim Tele\u00adfon 004342482757 office@campingbeach.at Voll\u00adst\u00e4ndi\u00adger Fir\u00admen\u00adname Camp\u00ading\u00adbad Ossi\u00adach\u00ader See GmbH Ort der Gewer\u00adbe\u00adberech\u00adti\u00adgung Seeufer\u00adstrasse 1099520 Annen\u00adheim\u00d6ster\u00adre\u00adich UID-Num\u00admer ATU 26857309 Rechts\u00adform GmbH Fir\u00admen\u00adbuch\u00adnum\u00admer Fn115939z Fir\u00admen\u00adbuchgericht LG Kla\u00adgen\u00adfurt Gesch\u00e4ftsf\u00fchrung\/Juristische Per\u00adson Philipp Schus\u00adter Zus\u00e4t\u00adzliche Infor\u00adma\u00adtion\u00adspflicht &amp; Bild\u00adnach\u00adweis #73899830 \u00a9 Alexan\u00addr Vasi\u00adlyev#62645164 \u00a9 ARochau#73406214 \u00a9 Pic\u00adture-Designhttps:\/\/touren.kaernten.atRegion-Vil\u00adlach-Touris\u00admus-GmbHMar\u00adtin Hof\u00admann Unternehmensge\u00adgen\u00adstand Frem\u00adden\u00adverkehrs\u00adbe\u00adtrieb Kammer\/Berufsverband-Zugeh\u00f6rigkeit(en) WKO K\u00e4rn\u00adten Auf\u00adsichts\u00adbe\u00adh\u00f6rde [\u2026]<\/p>\n","protected":false},"author":1,"featured_media":0,"parent":0,"menu_order":0,"comment_status":"closed","ping_status":"closed","template":"elementor_theme","meta":{"wp_typography_post_enhancements_disabled":false,"footnotes":""},"class_list":["post-2899","page","type-page","status-publish","hentry"],"_links":{"self":[{"href":"https:\/\/campingbeach.at\/en\/wp-json\/wp\/v2\/pages\/2899","targetHints":{"allow":["GET"]}}],"collection":[{"href":"https:\/\/campingbeach.at\/en\/wp-json\/wp\/v2\/pages"}],"about":[{"href":"https:\/\/campingbeach.at\/en\/wp-json\/wp\/v2\/types\/page"}],"author":[{"embeddable":true,"href":"https:\/\/campingbeach.at\/en\/wp-json\/wp\/v2\/users\/1"}],"replies":[{"embeddable":true,"href":"https:\/\/campingbeach.at\/en\/wp-json\/wp\/v2\/comments?post=2899"}],"version-history":[{"count":10,"href":"https:\/\/campingbeach.at\/en\/wp-json\/wp\/v2\/pages\/2899\/revisions"}],"predecessor-version":[{"id":6523,"href":"https:\/\/campingbeach.at\/en\/wp-json\/wp\/v2\/pages\/2899\/revisions\/6523"}],"wp:attachment":[{"href":"https:\/\/campingbeach.at\/en\/wp-json\/wp\/v2\/media?parent=2899"}],"curies":[{"name":"wp","href":"https:\/\/api.w.org\/{rel}","templated":true}]}}